{"id":238,"date":"2026-05-11T16:20:20","date_gmt":"2026-05-11T16:20:20","guid":{"rendered":"https:\/\/cyqlon.net\/?page_id=238"},"modified":"2026-05-11T16:22:27","modified_gmt":"2026-05-11T16:22:27","slug":"viddalenyj-monitorinh-ahrosektoru","status":"publish","type":"page","link":"https:\/\/cyqlon.net\/pl\/viddalenyj-monitorinh-ahrosektoru\/","title":{"rendered":"(\u0423\u043a\u0440\u0430\u0457\u043d\u0441\u044c\u043a\u0430) \u0412\u0456\u0434\u0434\u0430\u043b\u0435\u043d\u0438\u0439 \u043c\u043e\u043d\u0456\u0442\u043e\u0440\u0456\u043d\u0433 \u0430\u0433\u0440\u043e\u0441\u0435\u043a\u0442\u043e\u0440\u0443"},"content":{"rendered":"<p class=\"qtranxs-available-languages-message qtranxs-available-languages-message-pl\">Przepraszamy, ten wpis jest dost\u0119pny tylko w j\u0119zyku <a href=\"https:\/\/cyqlon.net\/uk\/wp-json\/wp\/v2\/pages\/238\" class=\"qtranxs-available-language-link qtranxs-available-language-link-uk\" title=\"\u0423\u043a\u0440\u0430\u0457\u043d\u0441\u044c\u043a\u0430\">Ukrai\u0144ski<\/a>.<\/p>","protected":false},"excerpt":{"rendered":"<p>Przepraszamy, ten wpis jest dost\u0119pny tylko w j\u0119zyku Ukrai\u0144ski.<\/p>\n","protected":false},"author":1,"featured_media":0,"parent":0,"menu_order":0,"comment_status":"closed","ping_status":"closed","template":"","meta":{"footnotes":""},"_links":{"self":[{"href":"https:\/\/cyqlon.net\/pl\/wp-json\/wp\/v2\/pages\/238"}],"collection":[{"href":"https:\/\/cyqlon.net\/pl\/wp-json\/wp\/v2\/pages"}],"about":[{"href":"https:\/\/cyqlon.net\/pl\/wp-json\/wp\/v2\/types\/page"}],"author":[{"embeddable":true,"href":"https:\/\/cyqlon.net\/pl\/wp-json\/wp\/v2\/users\/1"}],"replies":[{"embeddable":true,"href":"https:\/\/cyqlon.net\/pl\/wp-json\/wp\/v2\/comments?post=238"}],"version-history":[{"count":2,"href":"https:\/\/cyqlon.net\/pl\/wp-json\/wp\/v2\/pages\/238\/revisions"}],"predecessor-version":[{"id":241,"href":"https:\/\/cyqlon.net\/pl\/wp-json\/wp\/v2\/pages\/238\/revisions\/241"}],"wp:attachment":[{"href":"https:\/\/cyqlon.net\/pl\/wp-json\/wp\/v2\/media?parent=238"}],"curies":[{"name":"wp","href":"https:\/\/api.w.org\/{rel}","templated":true}]}}