{"id":30,"date":"2024-02-14T21:06:03","date_gmt":"2024-02-14T21:06:03","guid":{"rendered":"http:\/\/cyqlon.net\/?page_id=30"},"modified":"2026-05-11T16:07:04","modified_gmt":"2026-05-11T16:07:04","slug":"contacts","status":"publish","type":"page","link":"https:\/\/cyqlon.net\/pl\/contacts\/","title":{"rendered":"Kontakt"},"content":{"rendered":"<p><\/p>\n<p style=\"text-align: center;\">EISTEQ Sp. z o.o.<br \/>\nul. Sm\u0119tna 8<br \/>\n31-343 Krak\u00f3w, Polska<br \/>\nNIP: 945-231-69-76<br \/>\n<a href=\"mailto:eisteq@gmail.com\">eisteq@gmail.com<\/a><\/p>\n<p>EISTEQ Technologies to Pa\u0144stwa niezawodny partner w dziedzinie automatyzacji system\u00f3w. Specjalizujemy si\u0119 w tworzeniu innowacyjnych system\u00f3w, kt\u00f3re pomagaj\u0105 optymalizowa\u0107 procesy i zwi\u0119ksza\u0107 efektywno\u015b\u0107 Pa\u0144stwa przedsi\u0119biorstwa. Nasz\u0105 misj\u0105 jest dostarczanie najnowszych, niedrogich i \u0142atwych w obs\u0142udze rozwi\u0105za\u0144 przy jednoczesnym zachowaniu wysokiego poziomu jako\u015bci.<\/p>\n<div class=\"form-wrapper-black\">\n<div class=\"wpcf7 no-js\" id=\"wpcf7-f189-o3\" lang=\"en-US\" dir=\"ltr\">\n<div class=\"screen-reader-response\"><p role=\"status\" aria-live=\"polite\" aria-atomic=\"true\"><\/p> <ul><\/ul><\/div>\n<form action=\"\/pl\/wp-json\/wp\/v2\/pages\/30#wpcf7-f189-o3\" method=\"post\" class=\"wpcf7-form init\" aria-label=\"Contact form\" novalidate=\"novalidate\" data-status=\"init\">\n<div style=\"display: none;\">\n<input type=\"hidden\" name=\"_wpcf7\" value=\"189\" \/>\n<input type=\"hidden\" name=\"_wpcf7_version\" value=\"5.8.7\" \/>\n<input type=\"hidden\" name=\"_wpcf7_locale\" value=\"en_US\" \/>\n<input type=\"hidden\" name=\"_wpcf7_unit_tag\" value=\"wpcf7-f189-o3\" \/>\n<input type=\"hidden\" name=\"_wpcf7_container_post\" value=\"0\" \/>\n<input type=\"hidden\" name=\"_wpcf7_posted_data_hash\" value=\"\" \/>\n<\/div>\n<div class=\"row\">\n\t<div class=\"col-md-6\">\n\t\t<p><span class=\"wpcf7-form-control-wrap\" data-name=\"your-text\"><textarea cols=\"30\" rows=\"7\" class=\"wpcf7-form-control wpcf7-textarea proposal-field\" aria-invalid=\"false\" placeholder=\"Your message. We respect privacy and never share any customer information.\" name=\"your-text\"><\/textarea><\/span>\n\t\t<\/p>\n\t<\/div>\n\t<div class=\"col-md-6\">\n\t\t<p><span class=\"wpcf7-form-control-wrap\" data-name=\"your-name\"><input size=\"40\" class=\"wpcf7-form-control wpcf7-text wpcf7-validates-as-required proposal-field\" aria-required=\"true\" aria-invalid=\"false\" placeholder=\"Your name\" value=\"\" type=\"text\" name=\"your-name\" \/><\/span>\n\t\t<\/p>\n\t\t<p><span class=\"wpcf7-form-control-wrap\" data-name=\"your-tel\"><input size=\"40\" class=\"wpcf7-form-control wpcf7-text wpcf7-validates-as-required proposal-field\" aria-required=\"true\" aria-invalid=\"false\" placeholder=\"Phone\" value=\"\" type=\"text\" name=\"your-tel\" \/><\/span>\n\t\t<\/p>\n\t\t<p><span class=\"wpcf7-form-control-wrap\" data-name=\"your-email\"><input size=\"40\" class=\"wpcf7-form-control wpcf7-email wpcf7-validates-as-required wpcf7-text wpcf7-validates-as-email proposal-field\" aria-required=\"true\" aria-invalid=\"false\" placeholder=\"Email\" value=\"\" type=\"email\" name=\"your-email\" \/><\/span>\n\t\t<\/p>\n\t\t<p><input class=\"wpcf7-form-control wpcf7-submit has-spinner btn btn-primary btn-submit\" type=\"submit\" value=\"Contact Us\" \/>\n\t\t<\/p>\n\t<\/div>\n<\/div><div class=\"wpcf7-response-output\" aria-hidden=\"true\"><\/div>\n<\/form>\n<\/div>\n<\/div>\n<p><\/p>","protected":false},"excerpt":{"rendered":"<p>EISTEQ Sp. z o.o. ul. Sm\u0119tna 8 31-343 Krak\u00f3w, Polska NIP: 945-231-69-76 eisteq@gmail.com EISTEQ Technologies to Pa\u0144stwa niezawodny partner w dziedzinie automatyzacji system\u00f3w. Specjalizujemy si\u0119 w tworzeniu innowacyjnych system\u00f3w, kt\u00f3re pomagaj\u0105 optymalizowa\u0107 procesy i zwi\u0119ksza\u0107 efektywno\u015b\u0107 Pa\u0144stwa przedsi\u0119biorstwa. Nasz\u0105 misj\u0105 jest dostarczanie najnowszych, niedrogich i \u0142atwych w obs\u0142udze rozwi\u0105za\u0144 przy jednoczesnym zachowaniu wysokiego poziomu jako\u015bci.<\/p>\n","protected":false},"author":1,"featured_media":0,"parent":0,"menu_order":0,"comment_status":"closed","ping_status":"closed","template":"","meta":{"footnotes":""},"_links":{"self":[{"href":"https:\/\/cyqlon.net\/pl\/wp-json\/wp\/v2\/pages\/30"}],"collection":[{"href":"https:\/\/cyqlon.net\/pl\/wp-json\/wp\/v2\/pages"}],"about":[{"href":"https:\/\/cyqlon.net\/pl\/wp-json\/wp\/v2\/types\/page"}],"author":[{"embeddable":true,"href":"https:\/\/cyqlon.net\/pl\/wp-json\/wp\/v2\/users\/1"}],"replies":[{"embeddable":true,"href":"https:\/\/cyqlon.net\/pl\/wp-json\/wp\/v2\/comments?post=30"}],"version-history":[{"count":18,"href":"https:\/\/cyqlon.net\/pl\/wp-json\/wp\/v2\/pages\/30\/revisions"}],"predecessor-version":[{"id":232,"href":"https:\/\/cyqlon.net\/pl\/wp-json\/wp\/v2\/pages\/30\/revisions\/232"}],"wp:attachment":[{"href":"https:\/\/cyqlon.net\/pl\/wp-json\/wp\/v2\/media?parent=30"}],"curies":[{"name":"wp","href":"https:\/\/api.w.org\/{rel}","templated":true}]}}