{"id":84,"date":"2024-02-17T20:18:02","date_gmt":"2024-02-17T20:18:02","guid":{"rendered":"http:\/\/cyqlon.net\/?page_id=84"},"modified":"2026-05-11T16:12:31","modified_gmt":"2026-05-11T16:12:31","slug":"servo-amplifiers-design","status":"publish","type":"page","link":"https:\/\/cyqlon.net\/pl\/servo-amplifiers-design\/","title":{"rendered":"Projekt wzmacniaczy ServoTEQ"},"content":{"rendered":"<p>W dobie szybkiego rozwoju technologicznego firmy przemys\u0142owe coraz cz\u0119\u015bciej si\u0119gaj\u0105 po zaawansowane rozwi\u0105zania, aby zoptymalizowa\u0107 procesy produkcyjne i zwi\u0119kszy\u0107 wydajno\u015b\u0107 swoich urz\u0105dze\u0144. Serwowzmacniacze odgrywaj\u0105 w tym kluczow\u0105 rol\u0119, zapewniaj\u0105c precyzyjne i niezawodne sterowanie ruchem mechanizm\u00f3w i manipulator\u00f3w w urz\u0105dzeniach przemys\u0142owych. EISTEQ Technologies oferuje klientom innowacyjne technologie i niezawodne rozwi\u0105zania, kt\u00f3re spe\u0142niaj\u0105 najwy\u017csze wymagania przemys\u0142u produkcyjnego.<\/p>\n<p>W EISTEQ Technologies jeste\u015bmy zaanga\u017cowani w ci\u0105g\u0142e doskonalenie i innowacje w dziedzinie rozwoju serwowzmacniaczy, aby nasi klienci mogli by\u0107 pewni jako\u015bci i wydajno\u015bci naszych produkt\u00f3w. Nasz zesp\u00f3\u0142 in\u017cynier\u00f3w i specjalist\u00f3w ds. automatyki pracuje w oparciu o najnowocze\u015bniejsze technologie, stosuj\u0105c zaawansowane metody i technologie, aby tworzy\u0107 serwowzmacniacze spe\u0142niaj\u0105ce najbardziej rygorystyczne wymagania firm przemys\u0142owych.<\/p>\n<p style=\"text-align: center;\"><strong>Zalety naszych serwowzmacniaczy: Dok\u0142adno\u015b\u0107, Niezawodno\u015b\u0107, Wydajno\u015b\u0107<\/strong><\/p>\n<p><strong>Precyzja i kontrola:<\/strong> Nasze serwowzmacniacze zapewniaj\u0105 wysok\u0105 precyzj\u0119 i p\u0142ynn\u0105 kontrol\u0119 ruchu, co przek\u0142ada si\u0119 na maksymaln\u0105 wydajno\u015b\u0107 i jako\u015b\u0107 produktu.<\/p>\n<p><strong>Niezawodno\u015b\u0107 i trwa\u0142o\u015b\u0107<\/strong>: Do produkcji naszych serwowzmacniaczy u\u017cywamy wy\u0142\u0105cznie wysokiej jako\u015bci komponent\u00f3w i zaawansowanych technologii, co gwarantuje niezawodn\u0105 prac\u0119 urz\u0105dze\u0144 przez d\u0142ugi czas, bez awarii i przestoj\u00f3w.<\/p>\n<p><strong>Wydajno\u015b\u0107 i oszcz\u0119dno\u015b\u0107 zasob\u00f3w<\/strong>: Nasze serwowzmacniacze pozwalaj\u0105 zoptymalizowa\u0107 procesy produkcyjne, skracaj\u0105c cykl produkcyjny i redukuj\u0105c koszty energii, co przek\u0142ada si\u0119 na wzrost wydajno\u015bci i ni\u017csze koszty.<\/p>\n<p><strong>Elastyczno\u015b\u0107 i adaptowalno\u015b\u0107<\/strong>: Oferujemy szerok\u0105 gam\u0119 serwowzmacniaczy, kt\u00f3re mo\u017cna dostosowa\u0107 do r\u00f3\u017cnych typ\u00f3w urz\u0105dze\u0144 i specyfikacji produkcyjnych, zapewniaj\u0105c klientom rozwi\u0105zania dostosowane do ich unikalnych potrzeb.<\/p>\n<p>Rozw\u00f3j serwowzmacniaczy przez EISTEQ Technologies otwiera nowe horyzonty dla automatyki przemys\u0142owej, umo\u017cliwiaj\u0105c klientom popraw\u0119 wydajno\u015bci, niezawodno\u015bci i konkurencyjno\u015bci ich urz\u0105dze\u0144. Jeste\u015bmy dumni z naszych osi\u0105gni\u0119\u0107 i udanych projekt\u00f3w w r\u00f3\u017cnych bran\u017cach i jeste\u015bmy gotowi sta\u0107 si\u0119 Pa\u0144stwa niezawodnym partnerem w realizacji Pa\u0144stwa ambicji i cel\u00f3w w dziedzinie produkcji.<\/p>","protected":false},"excerpt":{"rendered":"<p>W dobie szybkiego rozwoju technologicznego firmy przemys\u0142owe coraz cz\u0119\u015bciej si\u0119gaj\u0105 po zaawansowane rozwi\u0105zania, aby zoptymalizowa\u0107 procesy produkcyjne i zwi\u0119kszy\u0107 wydajno\u015b\u0107 swoich urz\u0105dze\u0144. Serwowzmacniacze odgrywaj\u0105 w tym kluczow\u0105 rol\u0119, zapewniaj\u0105c precyzyjne i niezawodne sterowanie ruchem mechanizm\u00f3w i manipulator\u00f3w w urz\u0105dzeniach przemys\u0142owych. EISTEQ Technologies oferuje klientom innowacyjne technologie i niezawodne rozwi\u0105zania, kt\u00f3re spe\u0142niaj\u0105 najwy\u017csze wymagania przemys\u0142u produkcyjnego. [&hellip;]<\/p>\n","protected":false},"author":1,"featured_media":0,"parent":0,"menu_order":0,"comment_status":"closed","ping_status":"closed","template":"","meta":{"footnotes":""},"_links":{"self":[{"href":"https:\/\/cyqlon.net\/pl\/wp-json\/wp\/v2\/pages\/84"}],"collection":[{"href":"https:\/\/cyqlon.net\/pl\/wp-json\/wp\/v2\/pages"}],"about":[{"href":"https:\/\/cyqlon.net\/pl\/wp-json\/wp\/v2\/types\/page"}],"author":[{"embeddable":true,"href":"https:\/\/cyqlon.net\/pl\/wp-json\/wp\/v2\/users\/1"}],"replies":[{"embeddable":true,"href":"https:\/\/cyqlon.net\/pl\/wp-json\/wp\/v2\/comments?post=84"}],"version-history":[{"count":10,"href":"https:\/\/cyqlon.net\/pl\/wp-json\/wp\/v2\/pages\/84\/revisions"}],"predecessor-version":[{"id":234,"href":"https:\/\/cyqlon.net\/pl\/wp-json\/wp\/v2\/pages\/84\/revisions\/234"}],"wp:attachment":[{"href":"https:\/\/cyqlon.net\/pl\/wp-json\/wp\/v2\/media?parent=84"}],"curies":[{"name":"wp","href":"https:\/\/api.w.org\/{rel}","templated":true}]}}