{"id":86,"date":"2024-02-17T20:18:38","date_gmt":"2024-02-17T20:18:38","guid":{"rendered":"http:\/\/cyqlon.net\/?page_id=86"},"modified":"2026-05-11T16:08:08","modified_gmt":"2026-05-11T16:08:08","slug":"remote-access-systems-design","status":"publish","type":"page","link":"https:\/\/cyqlon.net\/pl\/remote-access-systems-design\/","title":{"rendered":"Projektowanie system\u00f3w dost\u0119pu zdalnego"},"content":{"rendered":"<p>Rozumiemy, \u017ce zdalne zarz\u0105dzanie sprz\u0119tem to nie tylko mo\u017cliwo\u015b\u0107 monitorowania jego stanu i dzia\u0142ania z dowolnego miejsca na \u015bwiecie, ale tak\u017ce kluczowy czynnik optymalizacji proces\u00f3w produkcyjnych, redukcji czasu i koszt\u00f3w finansowych, a tak\u017ce zwi\u0119kszenia og\u00f3lnej efektywno\u015bci przedsi\u0119biorstwa. Nasi in\u017cynierowie i programi\u015bci stale poszukuj\u0105 nowych podej\u015b\u0107 i technologii, aby dostarcza\u0107 naszym klientom innowacyjne rozwi\u0105zania, kt\u00f3re spe\u0142niaj\u0105 ich unikalne potrzeby.<\/p>\n<p style=\"text-align: center;\"><strong>G\u0142\u00f3wne zalety naszych system\u00f3w<\/strong><\/p>\n<p><strong>Elastyczno\u015b\u0107 i skalowalno\u015b\u0107:<\/strong> Nasz rozw\u00f3j obejmuje r\u00f3\u017cnorodne typy urz\u0105dze\u0144 i ich poziom automatyzacji, zapewniaj\u0105c elastyczno\u015b\u0107 w konfiguracji i integracji systemu w r\u00f3\u017cnych \u015brodowiskach produkcyjnych.<\/p>\n<p><strong>Niezawodno\u015b\u0107 i bezpiecze\u0144stwo:<\/strong> Przywi\u0105zujemy szczeg\u00f3ln\u0105 wag\u0119 do bezpiecze\u0144stwa przetwarzania danych i dost\u0119pu do systemu, aby zagwarantowa\u0107 niezawodn\u0105 prac\u0119 urz\u0105dze\u0144 i ochron\u0119 przed zagro\u017ceniami zewn\u0119trznymi.<\/p>\n<p><strong>Optymalizacja proces\u00f3w produkcyjnych:<\/strong> Nasze systemy pozwalaj\u0105 monitorowa\u0107 i analizowa\u0107 prac\u0119 urz\u0105dze\u0144 w czasie rzeczywistym, identyfikowa\u0107 potencjalne problemy i zapobiega\u0107 sytuacjom awaryjnym, co pomaga skr\u00f3ci\u0107 przestoje i zwi\u0119kszy\u0107 wydajno\u015b\u0107.<\/p>\n<p><strong>Lean production:<\/strong> Oferujemy narz\u0119dzia do optymalizacji zu\u017cycia energii, surowc\u00f3w i innych zasob\u00f3w, co pozwala naszym klientom obni\u017cy\u0107 koszty i ograniczy\u0107 negatywny wp\u0142yw na \u015brodowisko.<\/p>\n<p><strong>Wsparcie techniczne i konserwacja:<\/strong> Zesp\u00f3\u0142 ekspert\u00f3w EISTEQ Technologies jest zawsze gotowy do pomocy w konfiguracji, modernizacji i konserwacji systemu, zapewniaj\u0105c p\u0142ynn\u0105 prac\u0119 urz\u0105dze\u0144 i wysoki poziom satysfakcji klienta.<\/p>\n<p><span class=\"HwtZe\" lang=\"pl\"><span class=\"jCAhz ChMk0b\"><span class=\"ryNqvb\">Rozw\u00f3j system\u00f3w zdalnego sterowania od EISTEQ Technologies to inwestycja w przysz\u0142o\u015b\u0107 Twojej firmy.<\/span><\/span> <span class=\"jCAhz ChMk0b\"><span class=\"ryNqvb\">Oferujemy kompleksowe rozwi\u0105zania, kt\u00f3re nie tylko zwi\u0119kszaj\u0105 efektywno\u015b\u0107 i produktywno\u015b\u0107, ale tak\u017ce pomagaj\u0105 Twojej firmie by\u0107 o krok przed konkurencj\u0105 w ci\u0105gle zmieniaj\u0105cym si\u0119 otoczeniu rynkowym.<\/span><\/span><\/span><\/p>\n<p>Niech EISTEQ Technologies stanie si\u0119 Twoim niezawodnym partnerem w dziedzinie zaawansowanych technologii!<\/p>","protected":false},"excerpt":{"rendered":"<p>Rozumiemy, \u017ce zdalne zarz\u0105dzanie sprz\u0119tem to nie tylko mo\u017cliwo\u015b\u0107 monitorowania jego stanu i dzia\u0142ania z dowolnego miejsca na \u015bwiecie, ale tak\u017ce kluczowy czynnik optymalizacji proces\u00f3w produkcyjnych, redukcji czasu i koszt\u00f3w finansowych, a tak\u017ce zwi\u0119kszenia og\u00f3lnej efektywno\u015bci przedsi\u0119biorstwa. Nasi in\u017cynierowie i programi\u015bci stale poszukuj\u0105 nowych podej\u015b\u0107 i technologii, aby dostarcza\u0107 naszym klientom innowacyjne rozwi\u0105zania, kt\u00f3re spe\u0142niaj\u0105 [&hellip;]<\/p>\n","protected":false},"author":1,"featured_media":0,"parent":0,"menu_order":0,"comment_status":"closed","ping_status":"closed","template":"","meta":{"footnotes":""},"_links":{"self":[{"href":"https:\/\/cyqlon.net\/pl\/wp-json\/wp\/v2\/pages\/86"}],"collection":[{"href":"https:\/\/cyqlon.net\/pl\/wp-json\/wp\/v2\/pages"}],"about":[{"href":"https:\/\/cyqlon.net\/pl\/wp-json\/wp\/v2\/types\/page"}],"author":[{"embeddable":true,"href":"https:\/\/cyqlon.net\/pl\/wp-json\/wp\/v2\/users\/1"}],"replies":[{"embeddable":true,"href":"https:\/\/cyqlon.net\/pl\/wp-json\/wp\/v2\/comments?post=86"}],"version-history":[{"count":11,"href":"https:\/\/cyqlon.net\/pl\/wp-json\/wp\/v2\/pages\/86\/revisions"}],"predecessor-version":[{"id":233,"href":"https:\/\/cyqlon.net\/pl\/wp-json\/wp\/v2\/pages\/86\/revisions\/233"}],"wp:attachment":[{"href":"https:\/\/cyqlon.net\/pl\/wp-json\/wp\/v2\/media?parent=86"}],"curies":[{"name":"wp","href":"https:\/\/api.w.org\/{rel}","templated":true}]}}